{"id":7069,"date":"2021-01-22T14:04:57","date_gmt":"2021-01-22T06:04:57","guid":{"rendered":"https:\/\/www.zlaire.net\/events\/previous\/?page_id=7069"},"modified":"2021-12-29T17:12:32","modified_gmt":"2021-12-29T09:12:32","slug":"committees","status":"publish","type":"page","link":"https:\/\/www.zlaire.net\/events\/previous\/clar2021\/committees\/","title":{"rendered":"CLAR 2021 &#8211; Committees"},"content":{"rendered":"<p style=\"font-size: 16pt;\"><a href=\"https:\/\/www.zlaire.net\/events\/previous\/clar2021\/\"><span style=\"text-decoration: underline;\">Home<\/span><\/a>&nbsp;&nbsp;<a href=\"https:\/\/www.zlaire.net\/events\/previous\/clar2021\/cfp\/\"><span style=\"text-decoration: underline;\">CFP<\/span><\/a>&nbsp;&nbsp;<a href=\"https:\/\/www.zlaire.net\/events\/previous\/clar2021\/committees\/\"><span style=\"text-decoration: underline;\"><strong>Committees<\/strong><\/span><\/a>&nbsp; <a href=\"https:\/\/www.zlaire.net\/events\/previous\/clar2021\/program\/\"><span style=\"text-decoration: underline;\">Program<\/span><\/a> &nbsp;<a href=\"https:\/\/www.zlaire.net\/events\/previous\/clar2021\/speakers\/\"><span style=\"text-decoration: underline;\">Invited speakers<\/span><\/a>&nbsp;&nbsp;<a href=\"https:\/\/www.zlaire.net\/events\/previous\/clar2021\/accepted-papers\/\"><span style=\"text-decoration: underline;\">Accepted papers<\/span><\/a>&nbsp; <span style=\"text-decoration: underline;\"><a href=\"https:\/\/www.zlaire.net\/events\/previous\/clar2021\/award\/\">Award<\/a><\/span> &nbsp;<a href=\" https:\/\/www.zlaire.net\/events\/previous\/clar2021\/registration\/\"><span style=\"text-decoration: underline;\">Registration<\/span><\/a><\/p>\n<p>&nbsp;<\/p>\n<p>&nbsp;<\/p>\n<div style=\"display: table; width: 100%;\">\n<div style=\"display: table-cell;\">\n<h4>PC chairs<\/h4>\n<p><span style=\"text-decoration: underline;\"><a href=\"https:\/\/pietro-baroni.unibs.it\/\" target=\"_blank\" rel=\"noopener\">Pietro Baroni<\/a><\/span>&nbsp;&nbsp;<span style=\"color: grey;\">(University of Brescia, Italy)<\/span><br \/>\n<span style=\"text-decoration: underline;\"><a href=\"http:\/\/page.mi.fu-berlin.de\/cbenzmueller\/\" target=\"_blank\" rel=\"noopener\">Christoph Benzm\u00fcller<\/a><\/span>&nbsp;&nbsp;<span style=\"color: grey;\">(Freie Universit\u00e4t Berlin, Germany)<\/span><br \/>\n<span style=\"text-decoration: underline;\"><a href=\"https:\/\/www.xixilogic.org\/ynw\" target=\"_blank\" rel=\"noopener\">Y\u00ec N. W\u00e1ng<\/a><\/span>&nbsp;&nbsp;<span style=\"color: grey;\">(Sun Yat-sen University, China)<\/span><\/p>\n<\/div>\n<div style=\"display: table-cell;\">\n<h4>Local organizing chairs<\/h4>\n<p>Huimin Dong&nbsp;&nbsp;<span style=\"color: grey;\">(Sun Yat-sen University)<\/span><br \/>\nQuansheng Yu&nbsp;&nbsp;<span style=\"color: grey;\">(Zhejiang University City College)<\/span><\/p>\n<\/div>\n<\/div>\n<p>&nbsp;<\/p>\n<h4>Program Committee (more to be confirmed)<\/h4>\n\n<table id=\"tablepress-12\" class=\"tablepress tablepress-id-12\">\n<tbody class=\"row-striping row-hover\">\n<tr class=\"row-1\">\n\t<td class=\"column-1\">Thomas \u00c5gotnes<br \/>\n<span style=\"color:grey;font-size:small;\">University of Bergen, NO<\/span><\/td><td class=\"column-2\">Natasha Alechina<br \/>\n<span style=\"color:grey;font-size:small;\">Utrecht University, NL<\/span><\/td><td class=\"column-3\">Ofer Arieli<br \/>\n<span style=\"color:grey;font-size:small;\">The Academic College of Tel-Aviv, IL<\/span><\/td><td class=\"column-4\">Antonis Bikakis<br \/>\n<span style=\"color:grey;font-size:small;\">University College London, GB<\/span><\/td><td class=\"column-5\">Stefano Bistarelli<br \/>\n<span style=\"color:grey;font-size:small;\">Universit\u00e0 di Perugia, IT<\/span><\/td>\n<\/tr>\n<tr class=\"row-2\">\n\t<td class=\"column-1\">Thomas Bolander<br \/>\n<span style=\"color:grey;font-size:small;\">Technical University of Denmark, DK<\/span><\/td><td class=\"column-2\">Martin Caminada<br \/>\n<span style=\"color:grey;font-size:small;\">Cardiff University, GB<\/span><\/td><td class=\"column-3\">Ilaria Canavotto<br \/>\n<span style=\"color:grey;font-size:small;\">University of Amsterdam, NL<\/span><\/td><td class=\"column-4\">Walter Carnielli<br \/>\n<span style=\"color:grey;font-size:small;\">State University of Campinas, BR<\/span><\/td><td class=\"column-5\">Federico Cerutti<br \/>\n<span style=\"color:grey;font-size:small;\">University of Brescia, IT<\/span><\/td>\n<\/tr>\n<tr class=\"row-3\">\n\t<td class=\"column-1\">Andrea Cohen<\/td><td class=\"column-2\">Marcos Cramer<\/td><td class=\"column-3\">Mehdi Dastani<br \/>\n<span style=\"color:grey;font-size:small;\">University of Utrecht, NL<\/span><\/td><td class=\"column-4\">J\u00e9r\u00e9mie Dauphin<\/td><td class=\"column-5\">J\u00e9r\u00f4me Delobelle<\/td>\n<\/tr>\n<tr class=\"row-4\">\n\t<td class=\"column-1\">Dragan Doder<br \/>\n<span style=\"color:grey;font-size:small;\">Utrecht University, NL<\/span><\/td><td class=\"column-2\">Huimin Dong<br \/>\n<span style=\"color:grey;font-size:small;\">Zhejiang University, CN<\/span><\/td><td class=\"column-3\">Bettina Fazzinga<\/td><td class=\"column-4\">Raul Fervari<\/td><td class=\"column-5\">Rustam Galimullin<\/td>\n<\/tr>\n<tr class=\"row-5\">\n\t<td class=\"column-1\">Sujata Ghosh<\/td><td class=\"column-2\">Massimiliano Giacomin<br \/>\n<span style=\"color:grey;font-size:small;\">University of Brescia, IT<\/span><\/td><td class=\"column-3\">Sebastian Gottifredi<\/td><td class=\"column-4\">Guido Governatori<br \/>\n<span style=\"color:grey;font-size:small;\">CSIRO, AU<\/span><\/td><td class=\"column-5\">Andreas Herzig<br \/>\n<span style=\"color:grey;font-size:small;\">IRIT-CNRS, FR<\/span><\/td>\n<\/tr>\n<tr class=\"row-6\">\n\t<td class=\"column-1\">Jesse Heyninck<\/td><td class=\"column-2\">Fengkui Ju<br \/>\n<span style=\"color:grey;font-size:small;\">Beijing Normal University, CN<\/span><\/td><td class=\"column-3\">Marie-Christine Lagasquie-Schiex<\/td><td class=\"column-4\">Hannes Leitgeb<br \/>\n<span style=\"color:grey;font-size:small;\">Ludwig Maximilian University of Munich, DE<\/span><\/td><td class=\"column-5\">Bjoern Lellmann<br \/>\n<span style=\"color:grey;font-size:small;\">Vienna University of Technology, AT<\/span><\/td>\n<\/tr>\n<tr class=\"row-7\">\n\t<td class=\"column-1\">Beishui Liao<br \/>\n<span style=\"color:grey;font-size:small;\">Zhejiang University, CN<\/span><\/td><td class=\"column-2\">Jieting Luo<\/td><td class=\"column-3\">Jean-Guy Mailly<\/td><td class=\"column-4\">R\u00e9ka Markovich<br \/>\n<span style=\"color:grey;font-size:small;\">University of Luxembourg, LU<\/span><\/td><td class=\"column-5\">Maria Vanina Martinez<\/td>\n<\/tr>\n<tr class=\"row-8\">\n\t<td class=\"column-1\">Sara Negri<br \/>\n<span style=\"color:grey;font-size:small;\">University of Helsinki, FI<\/span><\/td><td class=\"column-2\">Juan Carlos Nieves<\/td><td class=\"column-3\">Hitoshi Omori<\/td><td class=\"column-4\">Nir Oren<br \/>\n<span style=\"color:grey;font-size:small;\">University of Aberdeen, GB<\/span><\/td><td class=\"column-5\">Xavier Parent<\/td>\n<\/tr>\n<tr class=\"row-9\">\n\t<td class=\"column-1\">Valeria de Paiva<br \/>\n<span style=\"color:grey;font-size:small;\">Samsung Research America, US<\/span><br \/>\n<span style=\"color:grey;font-size:small;\">University of Birmingham, GB<\/span><\/td><td class=\"column-2\">Gabriella Pigozzi<br \/>\n<span style=\"color:grey;font-size:small;\">Universit\u00e9 Paris-Dauphine, FR<\/span><\/td><td class=\"column-3\">Nico Potyka<\/td><td class=\"column-4\">Revantha Ramanayake<\/td><td class=\"column-5\">R Ramanujam<br \/>\n<span style=\"color:grey;font-size:small;\">Institute of Mathematical Sciences, IN<\/span><\/td>\n<\/tr>\n<tr class=\"row-10\">\n\t<td class=\"column-1\">Tjitze Rienstra<\/td><td class=\"column-2\">Olivier Roy<br \/>\n<span style=\"color:grey;font-size:small;\">University of Bayreuth, DE<\/span><\/td><td class=\"column-3\">Katsuhiko Sano<br \/>\n<span style=\"color:grey;font-size:small;\">Hokkaido University, JP<\/span><\/td><td class=\"column-4\">Sonja Smets<br \/>\n<span style=\"color:grey;font-size:small;\">University of Amsterdam, NL<\/span><\/td><td class=\"column-5\">Alexander Steen<\/td>\n<\/tr>\n<tr class=\"row-11\">\n\t<td class=\"column-1\">Christian Strasser<br \/>\n<span style=\"color:grey;font-size:small;\">Ruhr-University Bochum, DE<\/span><\/td><td class=\"column-2\">Geoff Sutcliffe<\/td><td class=\"column-3\">Carlo Taticchi<\/td><td class=\"column-4\">Matthias Thimm<\/td><td class=\"column-5\">Leon van der Torre<br \/>\n<span style=\"color:grey;font-size:small;\">University of Luxembourg, LU<\/span><\/td>\n<\/tr>\n<tr class=\"row-12\">\n\t<td class=\"column-1\">Markus Ulbricht<\/td><td class=\"column-2\">Mauro Vallati<\/td><td class=\"column-3\">Fernando R. Vel\u00e1zquez-Quesada<\/td><td class=\"column-4\">Xuefeng Wen<br \/>\n<span style=\"color:grey;font-size:small;\">Sun Yat-sen University, CN<\/span><\/td><td class=\"column-5\">Emil Weydert<\/td>\n<\/tr>\n<tr class=\"row-13\">\n\t<td class=\"column-1\">Stefan Woltran<br \/>\n<span style=\"color:grey;font-size:small;\">Vienna University of Technology, AT<\/span><\/td><td class=\"column-2\">Wei Xiong<br \/>\n<span style=\"color:grey;font-size:small;\">Sun Yat-sen University, CN<\/span><\/td><td class=\"column-3\">Tomoyuki Yamada<br \/>\n<span style=\"color:grey;font-size:small;\">Hokkaido University, JP<\/span><\/td><td class=\"column-4\">Fan Yang<br \/>\n<span style=\"color:grey;font-size:small;\">University of Helsinki, FI<\/span><\/td><td class=\"column-5\">Bruno Yun<\/td>\n<\/tr>\n<\/tbody>\n<\/table>\n\n","protected":false},"excerpt":{"rendered":"<p>Home&nbsp;&nbsp;CFP&nbsp;&nbsp;Committees&nbsp; Program &nbsp;Invited speakers&nbsp;&nbsp;Accepted papers&nbsp; Award &nbsp;Registration &nbsp; &nbsp; PC chairs Pietro Baroni&nbsp;&nbsp;(University of Brescia, Italy) Christoph Benzm\u00fcller&nbsp;&nbsp;(Freie Universit\u00e4t Berlin, Germany) Y\u00ec N. W\u00e1ng&nbsp;&nbsp;(Sun Yat-sen University, China) Local organizing chairs Huimin Dong&nbsp;&nbsp;(Sun Yat-sen University) Quansheng Yu&nbsp;&nbsp;(Zhejiang University City College) &nbsp; <span class=\"excerpt-dots\">&hellip;<\/span> <a class=\"more-link\" href=\"https:\/\/www.zlaire.net\/events\/previous\/clar2021\/committees\/\"><span class=\"more-msg\">Continue reading &rarr;<\/span><\/a><\/p>\n","protected":false},"author":1,"featured_media":6855,"parent":6814,"menu_order":0,"comment_status":"closed","ping_status":"closed","template":"","meta":{"ngg_post_thumbnail":0,"footnotes":""},"class_list":["post-7069","page","type-page","status-publish","has-post-thumbnail","hentry"],"_links":{"self":[{"href":"https:\/\/www.zlaire.net\/events\/previous\/wp-json\/wp\/v2\/pages\/7069","targetHints":{"allow":["GET"]}}],"collection":[{"href":"https:\/\/www.zlaire.net\/events\/previous\/wp-json\/wp\/v2\/pages"}],"about":[{"href":"https:\/\/www.zlaire.net\/events\/previous\/wp-json\/wp\/v2\/types\/page"}],"author":[{"embeddable":true,"href":"https:\/\/www.zlaire.net\/events\/previous\/wp-json\/wp\/v2\/users\/1"}],"replies":[{"embeddable":true,"href":"https:\/\/www.zlaire.net\/events\/previous\/wp-json\/wp\/v2\/comments?post=7069"}],"version-history":[{"count":10,"href":"https:\/\/www.zlaire.net\/events\/previous\/wp-json\/wp\/v2\/pages\/7069\/revisions"}],"predecessor-version":[{"id":7960,"href":"https:\/\/www.zlaire.net\/events\/previous\/wp-json\/wp\/v2\/pages\/7069\/revisions\/7960"}],"up":[{"embeddable":true,"href":"https:\/\/www.zlaire.net\/events\/previous\/wp-json\/wp\/v2\/pages\/6814"}],"wp:featuredmedia":[{"embeddable":true,"href":"https:\/\/www.zlaire.net\/events\/previous\/wp-json\/wp\/v2\/media\/6855"}],"wp:attachment":[{"href":"https:\/\/www.zlaire.net\/events\/previous\/wp-json\/wp\/v2\/media?parent=7069"}],"curies":[{"name":"wp","href":"https:\/\/api.w.org\/{rel}","templated":true}]}}