{"id":6814,"date":"2021-01-12T16:56:35","date_gmt":"2021-01-12T08:56:35","guid":{"rendered":"https:\/\/www.zlaire.net\/events\/previous\/?page_id=6814"},"modified":"2021-11-05T17:48:32","modified_gmt":"2021-11-05T09:48:32","slug":"clar2021","status":"publish","type":"page","link":"https:\/\/www.zlaire.net\/events\/previous\/clar2021\/","title":{"rendered":"The 4th International Conference on Logic and Argumentation  (CLAR 2021)"},"content":{"rendered":"<div style=\"display: table; width: 100%;\">\n<div style=\"display: table-cell;\">\n<p style=\"font-size: 16pt;\"><a href=\"https:\/\/www.zlaire.net\/events\/previous\/clar2021\/\"><span style=\"text-decoration: underline;\"><strong>Home<\/strong><\/span><\/a>&nbsp;&nbsp;<a href=\"https:\/\/www.zlaire.net\/events\/previous\/clar2021\/cfp\/\"><span style=\"text-decoration: underline;\">CFP<\/span><\/a>&nbsp;&nbsp;<a href=\"https:\/\/www.zlaire.net\/events\/previous\/clar2021\/committees\/\"><span style=\"text-decoration: underline;\">Committees<\/span><\/a>&nbsp; <a href=\"https:\/\/www.zlaire.net\/events\/previous\/clar2021\/program\/\"><span style=\"text-decoration: underline;\">Program<\/span><\/a> &nbsp;<a href=\"https:\/\/www.zlaire.net\/events\/previous\/clar2021\/speakers\/\"><span style=\"text-decoration: underline;\">Invited speakers<\/span><\/a>&nbsp;&nbsp;<a href=\"https:\/\/www.zlaire.net\/events\/previous\/clar2021\/accepted-papers\/\"><span style=\"text-decoration: underline;\">Accepted papers<\/span><\/a>&nbsp; <span style=\"text-decoration: underline;\"><a href=\"https:\/\/www.zlaire.net\/events\/previous\/clar2021\/award\/\">Award<\/a><\/span> &nbsp;<a href=\" https:\/\/www.zlaire.net\/events\/previous\/clar2021\/registration\/\"><span style=\"text-decoration: underline;\">Registration<\/span><\/a><\/p>\n<p>&nbsp;<\/p>\n<p>The 4th International Conference on Logic and Argumentation (CLAR 2021) invites contributions from logic, artificial intelligence, philosophy, computer science, linguistics, law, and other areas studying logic and formal argumentation.<\/p>\n<p>&nbsp;<\/p>\n<p>CLAR 2021 will be held in Hangzhou, 20-22 October 2021 at Zhejiang University City College. Due to the uncertainties of the epidemiological situation, the conference will be held in a HYBRID format (virtual and physical attendance both accepted), and we encourage physical participation if possible.<\/p>\n<p>&nbsp;<\/p>\n<p>Colocated event: <a href=\"https:\/\/www.zlaire.net\/events\/previous\/ngl2021\/\">Seminar on Logics for New-Generation Artificial Intelligenc<\/a>e (<a href=\"https:\/\/www.zlaire.net\/events\/previous\/ngl2021\/\">NGL 2021<\/a>, in Chinese)<\/p>\n<p>&nbsp;<\/p>\n<p>Papers accepted to CLAR 2021 are published as Springer LNAI proceedings:<\/p>\n<pre>Pietro Baroni, Christoph Benzm\u00fcller, Y\u00ec N. W\u00e1ng (eds.)\r\n\r\n<strong>Logic and Argumentation<\/strong>\r\n\r\nFourth International Conference, CLAR 2021, Hangzhou, China, October 20\u201322, 2021, Proceedings, LNAI, volume 13040.\r\n\r\n<span style=\"text-decoration: underline;\"><a href=\"https:\/\/link.springer.com\/book\/10.1007\/978-3-030-89391-0\" target=\"_blank\" rel=\"noopener\">https:\/\/link.springer.com\/book\/10.1007\/978-3-030-89391-0<\/a><\/span><\/pre>\n<p>and will be available online during the conference. Following the conference, we will produce a special issue in the Journal of Logic and Computation (JLC) on the topics covered at CLAR 2021. Selected contributors to CLAR 2021 will be invited to submit an extended version of their paper for this special issue of JLC.<\/p>\n<p><a href=\"https:\/\/www.zlaire.net\/events\/previous\/wp-content\/uploads\/2021\/08\/LNAI-Logo.jpg\"><img decoding=\"async\" class=\"alignnone size-medium wp-image-7451 lazyload\" data-src=\"https:\/\/www.zlaire.net\/events\/previous\/wp-content\/uploads\/2021\/08\/LNAI-Logo-300x111.jpg\" alt=\"\" width=\"300\" height=\"111\" data-srcset=\"https:\/\/www.zlaire.net\/events\/previous\/wp-content\/uploads\/2021\/08\/LNAI-Logo-300x111.jpg 300w, https:\/\/www.zlaire.net\/events\/previous\/wp-content\/uploads\/2021\/08\/LNAI-Logo-768x284.jpg 768w, https:\/\/www.zlaire.net\/events\/previous\/wp-content\/uploads\/2021\/08\/LNAI-Logo.jpg 800w\" data-sizes=\"(max-width: 300px) 100vw, 300px\" src=\"data:image\/svg+xml;base64,PHN2ZyB3aWR0aD0iMSIgaGVpZ2h0PSIxIiB4bWxucz0iaHR0cDovL3d3dy53My5vcmcvMjAwMC9zdmciPjwvc3ZnPg==\" style=\"--smush-placeholder-width: 300px; --smush-placeholder-aspect-ratio: 300\/111;\" \/><\/a><\/p>\n<div>&nbsp;<\/div>\n<div>\n<pre><span style=\"color: #0000ff;\">CLAR 2021 special issue in the Journal of Logic and Computation&nbsp;\r\n\r\n\r\nAs we have announced during the CLAR 2021 conference, a special issue is planned in the Journal of Logic and Computation (JLC, see <span style=\"text-decoration: underline;\"><a style=\"color: #0000ff; text-decoration: underline;\" href=\"https:\/\/academic.oup.com\/logcom\" target=\"_blank\" rel=\"noopener\">https:\/\/academic.oup.com\/logcom<\/a><\/span>) presenting selected papers from the CLAR 2021 conference. Authors of selected papers from the CLAR 2021 conference have been contacted and encouraged to submit an extended version of their work to this planned special issue of JLC. If you have not received such an invitation, but nevertheless think that your work has further progressed and is sufficiently mature to justify submission to the planned special issue in JLC, please contact us (<a style=\"color: #0000ff;\" href=\"mailto:siclar2021@easychair.org\" target=\"_blank\" rel=\"noopener\">siclar2021@easychair.org<\/a>).\r\n\r\n\r\nBest regards,&nbsp;\r\n\r\n &nbsp;&nbsp;&nbsp;Christoph, Pietro and Yi (Co-Editors of the CLAR 2021 special issue in JLC)<\/span><\/pre>\n<\/div>\n<div>&nbsp;<\/div>\n<p>The CLAR 2021 conference will highlight recent advances in logic and argumentation and foster interaction between these areas within and outside China. Previous conferences can be accessed via: <a href=\"https:\/\/www.zlaire.net\/events\/previous\/clar\" target=\"_blank\" rel=\"noopener\"><span style=\"text-decoration: underline;\">https:\/\/www.zlaire.net\/events\/previous\/clar<\/span><\/a><\/p>\n<p>&nbsp;<\/p>\n<h4>List of Topics<\/h4>\n<p>Suggested topics include, but are not limited to the following:<\/p>\n<p>* Abstract argumentation<br \/>\n* Applications of logic and\/or argumentation<br \/>\n* Applied logic<br \/>\n* Argumentation and game theory<br \/>\n* Argumentation and law<br \/>\n* Argumentation and linguistics<br \/>\n* Argumentation and medical reasoning<br \/>\n* Argumentation in AI<br \/>\n* Argument mining<br \/>\n* Argumentation schemes<br \/>\n* BDI logic<br \/>\n* Computational argumentation<br \/>\n* Deontic logic<br \/>\n* Dynamic epistemic logic and belief revision<br \/>\n* Formal models for dialog and argumentation<br \/>\n* Informal logic<br \/>\n* Judgment aggregation<br \/>\n* Knowledge representation and reasoning<br \/>\n* Logic for game theory<br \/>\n* Logic for multi-agent systems<br \/>\n* Logic for semantic web<br \/>\n* Logic for social network<br \/>\n* Mathematical logic<br \/>\n* Modal logic<br \/>\n* Nonmonotonic logics<br \/>\n* Numerical and uncertainty reasoning<br \/>\n* Philosophical logic<br \/>\n* Pragma-Dialectics<br \/>\n* Preference logic<br \/>\n* Structured argumentation<br \/>\n* Uncertain argumentation<\/p>\n<p>&nbsp;<\/p>\n<h4>Submission Guidelines<\/h4>\n<p>We invite two types of submissions: full papers (12 &#8211; 20 pages) describing original and unpublished work and extended abstracts (5 &#8211; 8 pages) of preliminary original work or extended abstracts of already published work (needs to be highlighted along with the title), from either the field of logic or the field of formal argumentation. Additional support material may be included in an appendix, which may be considered or ignored by the program committee.<\/p>\n<p>Submissions must be prepared in LaTeX, using the Springer LNCS style:<\/p>\n<p><span style=\"text-decoration: underline;\"><a href=\"ftp:\/\/ftp.springernature.com\/cs-proceeding\/llncs\/llncs2e.zip\" target=\"_blank\" rel=\"noopener\">ftp:\/\/ftp.springernature.com\/cs-proceeding\/llncs\/llncs2e.zip<\/a><\/span><\/p>\n<p>Submissions not complying with these guidelines will be desk rejected.<\/p>\n<p>Papers in PDF format should be submitted via EasyChair:<\/p>\n<p><span style=\"text-decoration: underline;\"><a href=\"https:\/\/easychair.org\/conferences\/?conf=clar2021\" target=\"_blank\" rel=\"noopener\">https:\/\/easychair.org\/conferences\/?conf=clar2021<\/a><\/span><\/p>\n<p>Springer encourages authors to include their ORCIDs in their papers. In addition, the corresponding author of each paper, acting on behalf of all of the authors of that paper, must complete and sign a Consent-to-Publish form. The corresponding author signing the copyright form should match the corresponding author marked on the paper. Once the files have been sent to Springer, changes relating to the authorship of the papers cannot be made.<\/p>\n<p><strong>We encourage early registration of the title and abstract of your paper in easychair.<\/strong> Each submitted paper will be carefully peer-reviewed by a panel of PC members based on originality, significance, technical soundness, clarity of exposition and relevance for the conference. For each accepted paper, at least one author is expected to register and present the paper at the conference.<\/p>\n<\/div>\n<div style=\"display: table-cell; width: 250px; padding-left: 10px;\">\n<div style=\"height: 20px;\">&nbsp;<\/div>\n<h4>Important Dates<\/h4>\n<table style=\"border-collapse: collapse; border: none; border-spacing: 0px;\">\n<tbody>\n<tr style=\"border: none;\">\n<td style=\"border: none;\">Submission:<\/td>\n<td style=\"text-align: right; border: none;\"><del datetime=\"2021-06-24T14:59:57+00:00\">30 June 2021<\/del><\/td>\n<\/tr>\n<tr style=\"border: none;\">\n<td style=\"border: none;\">&nbsp;<\/td>\n<td style=\"text-align: right; border: none;\">11 July 2021<\/td>\n<\/tr>\n<tr style=\"border: none;\">\n<td style=\"border: none;\">Notification:<\/td>\n<td style=\"text-align: right; border: none;\"><del>13 August 2021<\/del><\/td>\n<\/tr>\n<tr style=\"border: none;\">\n<td style=\"border: none;\">&nbsp;<\/td>\n<td style=\"text-align: right; border: none;\">16 August 2021<\/td>\n<\/tr>\n<tr style=\"border: none;\">\n<td style=\"border: none;\">Camera-Ready:<\/td>\n<td style=\"text-align: right; border: none;\"><del>23 August 2021<\/del><\/td>\n<\/tr>\n<tr style=\"border: none;\">\n<td style=\"border: none;\">&nbsp;<\/td>\n<td style=\"text-align: right; border: none;\">31 August 2021<\/td>\n<\/tr>\n<tr style=\"border: none;\">\n<td style=\"border: none;\">Conference:<\/td>\n<td style=\"text-align: right; border: none;\">20-22 October 2021<\/td>\n<\/tr>\n<\/tbody>\n<\/table>\n<h4><a href=\"https:\/\/www.zlaire.net\/events\/previous\/clar2021\/speakers\/\">Invited Speakers<\/a><\/h4>\n<p>Anette Frank<br \/>\n<span style=\"color: #999999;\">(Heidelberg University, DE)<\/span><br \/>\nGiovanni Sartor<br \/>\n<span style=\"color: #999999;\">(U. of Bologna &amp; EUI, IT)<\/span><br \/>\nKen Satoh<br \/>\n<span style=\"color: #999999;\">(NII and Sokendai, JP)<\/span><br \/>\nGuillermo Simari<br \/>\n<span style=\"color: #999999;\">(Universidad Nacional del Sur, AR)<\/span><br \/>\nMinghui Xiong<br \/>\n<span style=\"color: #999999;\">(Zhejiang University, CN)<\/span><\/p>\n<p>&nbsp;<\/p>\n<h4>Organizers<\/h4>\n<p><a href=\"http:\/\/www.zju.edu.cn\/english\/\" target=\"_blank\" rel=\"noopener\"><img decoding=\"async\" style=\"--smush-placeholder-width: 200px; --smush-placeholder-aspect-ratio: 200\/58;background: #003F88; padding: 5px; border-radius: 5px; border: 1px solid #ddd;\" data-src=\"https:\/\/www.zlaire.net\/events\/previous\/wp-content\/uploads\/2021\/01\/zju-logo.png\" alt=\"Zhejiang University\" width=\"200\" height=\"58\" src=\"data:image\/svg+xml;base64,PHN2ZyB3aWR0aD0iMSIgaGVpZ2h0PSIxIiB4bWxucz0iaHR0cDovL3d3dy53My5vcmcvMjAwMC9zdmciPjwvc3ZnPg==\" class=\"lazyload\"><\/a><br \/>\n<a href=\"http:\/\/english.zucc.edu.cn\/\" target=\"_blank\" rel=\"noopener\"><img decoding=\"async\" style=\"--smush-placeholder-width: 240px; --smush-placeholder-aspect-ratio: 240\/47;background: #2560a4; padding: 7px; border-radius: 5px; border: 1px solid #ddd;\" data-src=\"https:\/\/www.zlaire.net\/events\/previous\/wp-content\/uploads\/2021\/01\/zucc-logo.png\" alt=\"Zhejiang University City College\" width=\"240\" height=\"47\" src=\"data:image\/svg+xml;base64,PHN2ZyB3aWR0aD0iMSIgaGVpZ2h0PSIxIiB4bWxucz0iaHR0cDovL3d3dy53My5vcmcvMjAwMC9zdmciPjwvc3ZnPg==\" class=\"lazyload\"><\/a><\/p>\n<h4>&nbsp;<\/h4>\n<h4>Bookmarks<\/h4>\n<p><span style=\"text-decoration: underline;\"><a href=\"https:\/\/www.zlaire.net\/events\/previous\/clar\" target=\"_blank\" rel=\"noopener\">CLAR conference series<\/a><\/span><br \/>\n<span style=\"text-decoration: underline;\"><a href=\"https:\/\/www.zlaire.net\/events\/previous\/lngai2021\" target=\"_blank\" rel=\"noopener\">LNGAI 2021<\/a><\/span><br \/>\n<span style=\"text-decoration: underline;\"><a href=\"https:\/\/www.zlaire.net\/events\/previous\/ngl2021\/\" target=\"_blank\" rel=\"noopener\">NGL 2021 (colocated)<\/a><\/span><\/p>\n<\/div>\n<\/div>\n","protected":false},"excerpt":{"rendered":"<p>Home&nbsp;&nbsp;CFP&nbsp;&nbsp;Committees&nbsp; Program &nbsp;Invited speakers&nbsp;&nbsp;Accepted papers&nbsp; Award &nbsp;Registration &nbsp; The 4th International Conference on Logic and Argumentation (CLAR 2021) invites contributions from logic, artificial intelligence, philosophy, computer science, linguistics, law, and other areas studying logic and formal argumentation. &nbsp; CLAR 2021 <span class=\"excerpt-dots\">&hellip;<\/span> <a class=\"more-link\" href=\"https:\/\/www.zlaire.net\/events\/previous\/clar2021\/\"><span class=\"more-msg\">Continue reading &rarr;<\/span><\/a><\/p>\n","protected":false},"author":1,"featured_media":6855,"parent":0,"menu_order":0,"comment_status":"closed","ping_status":"closed","template":"","meta":{"ngg_post_thumbnail":0,"footnotes":""},"class_list":["post-6814","page","type-page","status-publish","has-post-thumbnail","hentry"],"_links":{"self":[{"href":"https:\/\/www.zlaire.net\/events\/previous\/wp-json\/wp\/v2\/pages\/6814","targetHints":{"allow":["GET"]}}],"collection":[{"href":"https:\/\/www.zlaire.net\/events\/previous\/wp-json\/wp\/v2\/pages"}],"about":[{"href":"https:\/\/www.zlaire.net\/events\/previous\/wp-json\/wp\/v2\/types\/page"}],"author":[{"embeddable":true,"href":"https:\/\/www.zlaire.net\/events\/previous\/wp-json\/wp\/v2\/users\/1"}],"replies":[{"embeddable":true,"href":"https:\/\/www.zlaire.net\/events\/previous\/wp-json\/wp\/v2\/comments?post=6814"}],"version-history":[{"count":10,"href":"https:\/\/www.zlaire.net\/events\/previous\/wp-json\/wp\/v2\/pages\/6814\/revisions"}],"predecessor-version":[{"id":7952,"href":"https:\/\/www.zlaire.net\/events\/previous\/wp-json\/wp\/v2\/pages\/6814\/revisions\/7952"}],"wp:featuredmedia":[{"embeddable":true,"href":"https:\/\/www.zlaire.net\/events\/previous\/wp-json\/wp\/v2\/media\/6855"}],"wp:attachment":[{"href":"https:\/\/www.zlaire.net\/events\/previous\/wp-json\/wp\/v2\/media?parent=6814"}],"curies":[{"name":"wp","href":"https:\/\/api.w.org\/{rel}","templated":true}]}}