{"id":6684,"date":"2020-10-11T11:47:29","date_gmt":"2020-10-11T03:47:29","guid":{"rendered":"https:\/\/www.zlaire.net\/events\/previous\/?page_id=6684"},"modified":"2023-01-18T23:32:20","modified_gmt":"2023-01-18T15:32:20","slug":"clar","status":"publish","type":"page","link":"https:\/\/www.zlaire.net\/events\/previous\/clar\/","title":{"rendered":"International Conference on Logic and Argumentation (CLAR)"},"content":{"rendered":"<p>The interplay between logic and argumentation has a long history, from ancient Aristotle\u2019s logic to very recent formal argumentation in artificial intelligence. The collective discussions from both sides have captured diverse kinds of reasoning patterns&nbsp;and dialogue activities in various formal and intuitive ways, with potential applications in artificial intelligence.&nbsp;<\/p>\n<p>&nbsp;<\/p>\n<p>The series of International Conference on Logic and Argumentation (CLAR) highlight recent advances in the two fields of logic and argumentation and aims at bringing together researchers from various disciplines such as logic, formal argumentation, artificial intelligence, philosophy, computer science, linguistics, and law.<\/p>\n<p>&nbsp;<\/p>\n<h3>Past and Future Conferences<\/h3>\n<ul>\n<li><strong><span style=\"text-decoration: underline;\"><a href=\"https:\/\/www.zlaire.net\/events\/previous\/clar2016\" target=\"_blank\" rel=\"noopener\">CLAR I<\/a><\/span>,<\/strong> 2-3 April 2016, Zhejiang University, Hangzhou, China<\/li>\n<li><span style=\"text-decoration: underline;\"><strong><a href=\"https:\/\/www.zlaire.net\/events\/previous\/clar2018\" target=\"_blank\" rel=\"noopener\">CLAR II<\/a><\/strong><\/span>, 16-17 June 2018, Zhejiang University, Hangzhou, China<\/li>\n<li><strong><span style=\"text-decoration: underline;\"><a href=\"https:\/\/www.zlaire.net\/events\/previous\/clar2020\" target=\"_blank\" rel=\"noopener\">CLAR III<\/a><\/span><\/strong>, 26 October, 30 October, 2 November 2020, Zhejiang University, Hangzhou, China (online)<\/li>\n<li><strong><span style=\"text-decoration: underline;\"><a href=\"https:\/\/www.zlaire.net\/events\/previous\/clar2021\" target=\"_blank\" rel=\"noopener\">CLAR IV<\/a><\/span><\/strong>, 20-22 October 2021, Zhejiang University City College, Hangzhou, China (hybrid)<\/li>\n<li><a href=\"https:\/\/www.zlaire.net\/clar2023\/\"><span style=\"text-decoration: underline;\"><strong>CLAR V<\/strong><\/span><\/a>, 10-12 September 2023, Zhejiang University, Hangzhou, China<\/li>\n<\/ul>\n<p>&nbsp;<\/p>\n<h3>Publications<\/h3>\n<p><strong>CLAR I<\/strong><\/p>\n<ul>\n<li>Thomas \u00c5gotnes, Beishui Liao, Y\u00ec N. W\u00e1ng (editors). <span style=\"text-decoration: underline;\"><span style=\"color: #3366ff;\"><a style=\"color: #3366ff; text-decoration: underline;\" href=\"http:\/\/ceur-ws.org\/Vol-1811\/\">Proceedings of the 1st Chinese Conference on Logic and Argumentation (CLAR 2016),&nbsp;Hangzhou, China, April 2-3, 2016<\/a><\/span><\/span>. CEUR Workshop Proceedings, volume 1811, 2016.&nbsp;<\/li>\n<li>Thomas \u00c5gotnes, Beishui Liao, Y\u00ec N. W\u00e1ng (guest editors). <a href=\"https:\/\/www.tandfonline.com\/doi\/full\/10.1080\/11663081.2018.1487243\"><span style=\"text-decoration: underline;\"><span style=\"color: #3366ff; text-decoration: underline;\">Special issue &#8220;Logic and argumentation<\/span><span style=\"color: #3366ff; text-decoration: underline;\">&#8220;<\/span><\/span><\/a>, Journal of Applied Non-Classical Logics, volume 28, Issue 2-3, 2018.&nbsp;<\/li>\n<\/ul>\n<p><strong>CLAR II<\/strong><\/p>\n<ul>\n<li>Beishui Liao, Thomas \u00c5gotnes, Y\u00ec N. W\u00e1ng (editors). <span style=\"text-decoration: underline;\"><span style=\"color: #3366ff;\"><a style=\"color: #3366ff; text-decoration: underline;\" href=\"https:\/\/link.springer.com\/book\/10.1007\/978-981-13-7791-4\">Dynamics, Uncertainty and Reasoning: Proceeding of the Second Chinese Conference on Logic and Argumentation<\/a><\/span><\/span>. Logic in Asia: Studia Logica Library, Springer, 2019.&nbsp;<\/li>\n<\/ul>\n<p><strong>CLAR III<\/strong><\/p>\n<ul>\n<li>Mehdi Dastani, Huimin Dong, Leon van der Torre (editors). <a href=\"https:\/\/link.springer.com\/book\/10.1007\/978-3-030-44638-3\"><span style=\"text-decoration: underline; color: #3366ff;\">Logic and Argumentation: Third International Conference, CLAR 2020<\/span>, Hangzhou, China, April 6\u20139, 2020, Proceedings<\/a>. LNAI, volume 12061, Springer, 2020.&nbsp;<\/li>\n<li>Huimin Dong, Jun Pang, Y\u00ec N. W\u00e1ng (guest editors).&nbsp;<span style=\"text-decoration: underline;\"><a href=\"https:\/\/doi.org\/10.1093\/logcom\/exab047\">Special issue &#8220;Logic, Argumentation, and AI&#8221;<\/a><\/span>, Journal of Logic and Computation, Volume 31, Issue 8, December 2021.&nbsp;<\/li>\n<\/ul>\n<p><strong>CLAR IV<\/strong><\/p>\n<ul>\n<li>Pietro Baroni, Christoph Benzm\u00fcller, Y\u1f76 N. W\u00e1ng (editors). <span style=\"text-decoration: underline;\"><a href=\"https:\/\/rd.springer.com\/book\/10.1007\/978-3-030-89391-0\">Logic and Argumentation: Fourth International Conference, CLAR 2021<\/a><\/span>, Hangzhou, China, October 20-22, 2021, Proceedings. LNAI, volume 13040, Springer, 2021.&nbsp;<\/li>\n<li>Pietro Baroni, Christoph Benzm\u00fcller, Y\u1f76 N. W\u00e1ng (guest editors). <span style=\"text-decoration: underline;\"><a href=\"https:\/\/doi.org\/10.1093\/logcom\/exac091\">Special issue &#8220;Logic and Argumentation&#8221;<\/a><\/span>, Journal of Logic and Computation, 18 January 2022.<br \/>\n&nbsp;<\/li>\n<\/ul>\n<p>&nbsp;<\/p>\n<h3>General Organization<\/h3>\n<p><strong>Steering Committee<\/strong>:&nbsp;<\/p>\n<p>President: Beishui Liao (Zhejiang University)<br \/>\nSecretary: Huimin Dong (Sun Yat-sen University)<br \/>\nThomas \u00c5gotnes (University of Bergen)<br \/>\nPietro Baroni (University of Brescia)<br \/>\nChristoph Benzm\u00fcller (Otto-Friedrich-Universit\u00e4t Bamberg)<br \/>\nMehdi Dastani (Utrecht University)<br \/>\nY\u00ec N. W\u00e1ng (Sun Yat-sen University)<br \/>\nLeendert van der Torre (University of Luxembourg)<\/p>\n<p>&nbsp;<\/p>\n<p>&nbsp;<\/p>\n<p>&nbsp;<\/p>\n<p>&nbsp;<\/p>\n","protected":false},"excerpt":{"rendered":"<p>The interplay between logic and argumentation has a long history, from ancient Aristotle\u2019s logic to very recent formal argumentation in artificial intelligence. The collective discussions from both sides have captured diverse kinds of reasoning patterns&nbsp;and dialogue activities in various formal <span class=\"excerpt-dots\">&hellip;<\/span> <a class=\"more-link\" href=\"https:\/\/www.zlaire.net\/events\/previous\/clar\/\"><span class=\"more-msg\">Continue reading &rarr;<\/span><\/a><\/p>\n","protected":false},"author":11,"featured_media":6719,"parent":0,"menu_order":0,"comment_status":"closed","ping_status":"closed","template":"","meta":{"ngg_post_thumbnail":0,"footnotes":""},"class_list":["post-6684","page","type-page","status-publish","has-post-thumbnail","hentry"],"_links":{"self":[{"href":"https:\/\/www.zlaire.net\/events\/previous\/wp-json\/wp\/v2\/pages\/6684","targetHints":{"allow":["GET"]}}],"collection":[{"href":"https:\/\/www.zlaire.net\/events\/previous\/wp-json\/wp\/v2\/pages"}],"about":[{"href":"https:\/\/www.zlaire.net\/events\/previous\/wp-json\/wp\/v2\/types\/page"}],"author":[{"embeddable":true,"href":"https:\/\/www.zlaire.net\/events\/previous\/wp-json\/wp\/v2\/users\/11"}],"replies":[{"embeddable":true,"href":"https:\/\/www.zlaire.net\/events\/previous\/wp-json\/wp\/v2\/comments?post=6684"}],"version-history":[{"count":10,"href":"https:\/\/www.zlaire.net\/events\/previous\/wp-json\/wp\/v2\/pages\/6684\/revisions"}],"predecessor-version":[{"id":7967,"href":"https:\/\/www.zlaire.net\/events\/previous\/wp-json\/wp\/v2\/pages\/6684\/revisions\/7967"}],"wp:featuredmedia":[{"embeddable":true,"href":"https:\/\/www.zlaire.net\/events\/previous\/wp-json\/wp\/v2\/media\/6719"}],"wp:attachment":[{"href":"https:\/\/www.zlaire.net\/events\/previous\/wp-json\/wp\/v2\/media?parent=6684"}],"curies":[{"name":"wp","href":"https:\/\/api.w.org\/{rel}","templated":true}]}}