{"id":6297,"date":"2020-02-06T17:13:07","date_gmt":"2020-02-06T09:13:07","guid":{"rendered":"https:\/\/www.zlaire.net\/events\/previous\/?page_id=6297"},"modified":"2020-11-27T23:07:36","modified_gmt":"2020-11-27T15:07:36","slug":"accepted-papers","status":"publish","type":"page","link":"https:\/\/www.zlaire.net\/events\/previous\/clar2020\/accepted-papers\/","title":{"rendered":"Accepted Papers"},"content":{"rendered":"<p><span style=\"text-decoration: underline;\"><a href=\"https:\/\/www.zlaire.net\/events\/previous\/clar2020\/\">HOME<\/a><\/span>&nbsp; <span style=\"text-decoration: underline;\"><a href=\"https:\/\/www.zlaire.net\/events\/previous\/clar2020\/invited-speakers\/\">Invited Speakers<\/a><\/span>&nbsp; <span style=\"text-decoration: underline;\"><a href=\"https:\/\/www.zlaire.net\/events\/previous\/clar2020\/committee\/\">Program Committee<\/a><\/span>&nbsp; <span style=\"text-decoration: underline;\"><a href=\"https:\/\/www.zlaire.net\/events\/previous\/clar2020\/accepted-papers\/\">Accepted Papers<\/a><\/span>&nbsp; <span style=\"text-decoration: underline;\"><a href=\"https:\/\/www.zlaire.net\/events\/previous\/clar2020\/registration\/\">Registration<\/a><\/span>&nbsp; <span style=\"text-decoration: underline;\"><a href=\"https:\/\/www.zlaire.net\/events\/previous\/clar2020\/program\/\">Program<\/a><\/span>&nbsp; <span style=\"text-decoration: underline;\"><a href=\"https:\/\/www.zlaire.net\/events\/previous\/clar2020\/location\/\">Location<\/a><\/span>&nbsp; <span style=\"text-decoration: underline;\"><a href=\"https:\/\/www.zlaire.net\/events\/previous\/clar2020\/gallery\/\">Gallery<\/a><\/span>&nbsp; <span style=\"text-decoration: underline;\"><a href=\"https:\/\/www.zlaire.net\/events\/previous\/clar2020\/colocated-events\/\">Collocated Events<\/a><\/span>&nbsp; <span style=\"text-decoration: underline;\"><a href=\"http:\/\/www.xixilogic.org\/zjulogai\/\">ZJUlogAI Homepage<\/a><\/span><\/p>\n<p>&nbsp;<\/p>\n<p><strong>Accepted Papers<\/strong><\/p>\n<p>All accepted papers now are ready online. Please check the proceedings for CLAR 2020 at the webpage:&nbsp;<span style=\"text-decoration: underline;\"><a href=\"https:\/\/www.springer.com\/978-3-030-44637-6\">https:\/\/www.springer.com\/978-3-030-44637-6<\/a><\/span><\/p>\n<p>The 4-week free-access for the participants is:&nbsp;<\/p>\n<p><a href=\" https:\/\/link.springer.com\/book\/10.1007\/978-3-030-44638-3\" rel=\"noopener\"> CLAR 2020 conference proceedings <\/a><\/p>\n<p>&nbsp;<\/p>\n<p><strong>Long Presentations&nbsp;(sorted by authors\u2019 names):<\/strong><\/p>\n<ul>\n<li>Thomas \u00c5gotnes and Yi Wang. Group Belief<\/li>\n<li>Ryuta Arisaka and Takayuki Ito. Broadening Label-based Argumentation Semantics with May-Must Scales<\/li>\n<li>Michael Baur and Thomas Studer. Semirings of Evidence<\/li>\n<li>Marcos Cramer and Emmanuelle-Anna Dietz Saldanha. Logic Programming, Argumentation and Human Reasoning<\/li>\n<li>\u0160ejla Dautovi\u0107, Dragan Doder and Zoran Ognjanovi\u0107. Reasoning about degrees of confirmation<\/li>\n<li>Ivo D\u00fcntsch and Wojciech Dzik. Ideal related algebras and their logics &#8211; Extended abstract<\/li>\n<li>David Fuenmayor and Christoph Benzm\u00fcller. Computer-supported Analysis of Arguments in Climate Engineering<\/li>\n<li>Xu Li and Yi Wang. A Logic of Knowledge and Belief Based on Abstract Arguments<\/li>\n<li>Tomer Libal. A Meta-level Annotation Language for Legal Texts<\/li>\n<li>Tomer Libal and Alexander Steen. Towards an Executable Methodology for the Formalization of Legal Texts<\/li>\n<li>Tiago Oliveira, J\u00e9r\u00e9mie Dauphin, Ken Satoh, Shusaku Tsumoto and Paulo Novais. Goal-driven Structured Argumentation for Patient Management in a Multimorbidity Setting<\/li>\n<li>Satoru Suzuki. Intuitionistic-Bayesian Semantics of First-Order Logic for Generics<\/li>\n<li>Liping Tang. Ambiguity Preference and Context Learning in Uncertain Signaling<\/li>\n<li>Kees van Berkel, Tim Lyon and Francesco Olivieri. A Decidable Multi-Agent Logic for Reasoning about Actions, Instruments, and Norms<\/li>\n<\/ul>\n<p>&nbsp;<\/p>\n<p><strong>Short Presentations (sorted by authors\u2019 names):<\/strong><\/p>\n<ul>\n<li>Luis Felipe Bartolo Alegre. Arguments against the person and conflicts of interest<\/li>\n<li>Weiwei Chen. Preservation of Admissibility with Rationality and Feasibility Constraints<\/li>\n<li>Davide Liga and Monica Palmirani. Uncertainty in Argumentation Schemes: Negative Consequences and Basic Slippery Slope<\/li>\n<li>Chinghui Su, Liwu Rong and Fei Liang. Reasoning as Speech Acts<\/li>\n<li>Zongshun Wang and Jiachao Wu. Dynamics of Fuzzy Argumentation Frameworks<\/li>\n<li>Jiachao Wu and Hengfei Li. Probabilistic three-value argumentation frameworks<\/li>\n<li>Mina Young Pedersen, Sonja Smets and Thomas \u00c5gotnes. Further Steps Towards a Logic of Polarization in Social Networks<\/li>\n<li>Zhe Yu. A Formalization of the Slippery Slope Argument<\/li>\n<\/ul>\n<p>&nbsp;<\/p>\n<p><strong>The following papers are nominated for CLAR 2020 Best Paper Award:<\/strong><\/p>\n<ul>\n<li>Thomas \u00c5gotnes and Yi Wang. Group Belief<\/li>\n<li>Marcos Cramer and Emmanuelle-Anna Dietz Saldanha. Logic Programming, Argumentation and Human Reasoning<\/li>\n<li>Kees van Berkel, Tim Lyon and Francesco Olivieri. A Decidable Multi-Agent Logic for Reasoning about Actions, Instruments, and Norms<\/li>\n<\/ul>\n<p>&nbsp;<\/p>\n<p><strong>The CLAR 2020 Best Paper Award is presented to:&nbsp;<\/strong><\/p>\n<ul>\n<li>Thomas \u00c5gotnes and Yi Wang. Group Belief<\/li>\n<\/ul>\n<p><a href=\"https:\/\/www.zlaire.net\/events\/previous\/wp-content\/uploads\/2020\/11\/CLAR-2020-final_website.png\"><img decoding=\"async\" class=\"aligncenter wp-image-6737 size-medium lazyload\" data-src=\"https:\/\/www.zlaire.net\/events\/previous\/wp-content\/uploads\/2020\/11\/CLAR-2020-final_website-300x212.png\" alt=\"\" width=\"300\" height=\"212\" data-srcset=\"https:\/\/www.zlaire.net\/events\/previous\/wp-content\/uploads\/2020\/11\/CLAR-2020-final_website-300x212.png 300w, https:\/\/www.zlaire.net\/events\/previous\/wp-content\/uploads\/2020\/11\/CLAR-2020-final_website.png 2048w, https:\/\/www.zlaire.net\/events\/previous\/wp-content\/uploads\/2020\/11\/CLAR-2020-final_website-768x543.png 768w, https:\/\/www.zlaire.net\/events\/previous\/wp-content\/uploads\/2020\/11\/CLAR-2020-final_website-1536x1086.png 1536w\" data-sizes=\"(max-width: 300px) 100vw, 300px\" src=\"data:image\/svg+xml;base64,PHN2ZyB3aWR0aD0iMSIgaGVpZ2h0PSIxIiB4bWxucz0iaHR0cDovL3d3dy53My5vcmcvMjAwMC9zdmciPjwvc3ZnPg==\" style=\"--smush-placeholder-width: 300px; --smush-placeholder-aspect-ratio: 300\/212;\" \/><\/a><\/p>\n","protected":false},"excerpt":{"rendered":"<p>HOME&nbsp; Invited Speakers&nbsp; Program Committee&nbsp; Accepted Papers&nbsp; Registration&nbsp; Program&nbsp; Location&nbsp; Gallery&nbsp; Collocated Events&nbsp; ZJUlogAI Homepage &nbsp; Accepted Papers All accepted papers now are ready online. Please check the proceedings for CLAR 2020 at the webpage:&nbsp;https:\/\/www.springer.com\/978-3-030-44637-6 The 4-week free-access for the <span class=\"excerpt-dots\">&hellip;<\/span> <a class=\"more-link\" href=\"https:\/\/www.zlaire.net\/events\/previous\/clar2020\/accepted-papers\/\"><span class=\"more-msg\">Continue reading &rarr;<\/span><\/a><\/p>\n","protected":false},"author":11,"featured_media":5769,"parent":5586,"menu_order":0,"comment_status":"closed","ping_status":"closed","template":"","meta":{"ngg_post_thumbnail":0,"footnotes":""},"class_list":["post-6297","page","type-page","status-publish","has-post-thumbnail","hentry"],"_links":{"self":[{"href":"https:\/\/www.zlaire.net\/events\/previous\/wp-json\/wp\/v2\/pages\/6297","targetHints":{"allow":["GET"]}}],"collection":[{"href":"https:\/\/www.zlaire.net\/events\/previous\/wp-json\/wp\/v2\/pages"}],"about":[{"href":"https:\/\/www.zlaire.net\/events\/previous\/wp-json\/wp\/v2\/types\/page"}],"author":[{"embeddable":true,"href":"https:\/\/www.zlaire.net\/events\/previous\/wp-json\/wp\/v2\/users\/11"}],"replies":[{"embeddable":true,"href":"https:\/\/www.zlaire.net\/events\/previous\/wp-json\/wp\/v2\/comments?post=6297"}],"version-history":[{"count":10,"href":"https:\/\/www.zlaire.net\/events\/previous\/wp-json\/wp\/v2\/pages\/6297\/revisions"}],"predecessor-version":[{"id":6776,"href":"https:\/\/www.zlaire.net\/events\/previous\/wp-json\/wp\/v2\/pages\/6297\/revisions\/6776"}],"up":[{"embeddable":true,"href":"https:\/\/www.zlaire.net\/events\/previous\/wp-json\/wp\/v2\/pages\/5586"}],"wp:featuredmedia":[{"embeddable":true,"href":"https:\/\/www.zlaire.net\/events\/previous\/wp-json\/wp\/v2\/media\/5769"}],"wp:attachment":[{"href":"https:\/\/www.zlaire.net\/events\/previous\/wp-json\/wp\/v2\/media?parent=6297"}],"curies":[{"name":"wp","href":"https:\/\/api.w.org\/{rel}","templated":true}]}}