{"id":5564,"date":"2019-08-04T11:40:15","date_gmt":"2019-08-04T03:40:15","guid":{"rendered":"https:\/\/www.zlaire.net\/events\/previous\/?page_id=5564"},"modified":"2020-05-20T08:55:07","modified_gmt":"2020-05-20T00:55:07","slug":"invited-speakers","status":"publish","type":"page","link":"https:\/\/www.zlaire.net\/events\/previous\/awpl2020\/invited-speakers\/","title":{"rendered":"Invited Speakers"},"content":{"rendered":"<p><a href=\"https:\/\/www.zlaire.net\/events\/previous\/awpl2020\/\"><span style=\"text-decoration: underline;\">Home<\/span><\/a>&nbsp; <span style=\"text-decoration: underline;\">I<a href=\"https:\/\/www.zlaire.net\/events\/previous\/awpl2020\/invited-speakers\/\">nvited Speakers<\/a><\/span>&nbsp; <span style=\"text-decoration: underline;\"><a href=\"https:\/\/www.zlaire.net\/events\/previous\/awpl2020\/committees\/\">Committees<\/a><\/span>&nbsp; <span style=\"text-decoration: underline;\"><a href=\"https:\/\/www.zlaire.net\/events\/previous\/awpl2020\/accepted-papers\/\">Accepted Papers<\/a><\/span>&nbsp; <span style=\"text-decoration: underline;\"><a href=\"https:\/\/www.zlaire.net\/events\/previous\/awpl2020\/registration\/\">Registration<\/a><\/span>&nbsp; <span style=\"text-decoration: underline;\"><a href=\"https:\/\/www.zlaire.net\/events\/previous\/awpl2020\/program\/\">Program<\/a><\/span>&nbsp; <span style=\"text-decoration: underline;\"><a href=\"https:\/\/www.zlaire.net\/events\/previous\/awpl2020\/location\/\">Location<\/a><\/span>&nbsp; <span style=\"text-decoration: underline;\"><a href=\"https:\/\/www.zlaire.net\/events\/previous\/awpl2020\/gallery\/\">Gallery<\/a><\/span>&nbsp; <span style=\"text-decoration: underline;\"><a href=\"https:\/\/www.zlaire.net\/events\/previous\/awpl2020\/colocated-events\/\">Colocated Events<\/a><\/span>&nbsp; <span style=\"text-decoration: underline;\"><a href=\"http:\/\/www.xixilogic.org\/zjulogai\" target=\"_blank\" rel=\"noopener noreferrer\">ZJULogAI Homepage<\/a><\/span><\/p>\n<ul>\n<li><a href=\"http:\/\/page.mi.fu-berlin.de\/cbenzmueller\/\">Christoph Benzm\u00fcller<\/a>&nbsp;(Freie Universit\u00e4t Berlin)<\/li>\n<li>Dag Westerst\u00e5hl (Stockholm University)<\/li>\n<\/ul>\n","protected":false},"excerpt":{"rendered":"<p>Home&nbsp; Invited Speakers&nbsp; Committees&nbsp; Accepted Papers&nbsp; Registration&nbsp; Program&nbsp; Location&nbsp; Gallery&nbsp; Colocated Events&nbsp; ZJULogAI Homepage Christoph Benzm\u00fcller&nbsp;(Freie Universit\u00e4t Berlin) Dag Westerst\u00e5hl (Stockholm University)<\/p>\n <a class=\"more-link\" href=\"https:\/\/www.zlaire.net\/events\/previous\/awpl2020\/invited-speakers\/\"><span class=\"more-msg\">Continue reading &rarr;<\/span><\/a>","protected":false},"author":1,"featured_media":5681,"parent":5534,"menu_order":0,"comment_status":"closed","ping_status":"closed","template":"","meta":{"ngg_post_thumbnail":0,"footnotes":""},"class_list":["post-5564","page","type-page","status-publish","has-post-thumbnail","hentry"],"_links":{"self":[{"href":"https:\/\/www.zlaire.net\/events\/previous\/wp-json\/wp\/v2\/pages\/5564","targetHints":{"allow":["GET"]}}],"collection":[{"href":"https:\/\/www.zlaire.net\/events\/previous\/wp-json\/wp\/v2\/pages"}],"about":[{"href":"https:\/\/www.zlaire.net\/events\/previous\/wp-json\/wp\/v2\/types\/page"}],"author":[{"embeddable":true,"href":"https:\/\/www.zlaire.net\/events\/previous\/wp-json\/wp\/v2\/users\/1"}],"replies":[{"embeddable":true,"href":"https:\/\/www.zlaire.net\/events\/previous\/wp-json\/wp\/v2\/comments?post=5564"}],"version-history":[{"count":10,"href":"https:\/\/www.zlaire.net\/events\/previous\/wp-json\/wp\/v2\/pages\/5564\/revisions"}],"predecessor-version":[{"id":6491,"href":"https:\/\/www.zlaire.net\/events\/previous\/wp-json\/wp\/v2\/pages\/5564\/revisions\/6491"}],"up":[{"embeddable":true,"href":"https:\/\/www.zlaire.net\/events\/previous\/wp-json\/wp\/v2\/pages\/5534"}],"wp:featuredmedia":[{"embeddable":true,"href":"https:\/\/www.zlaire.net\/events\/previous\/wp-json\/wp\/v2\/media\/5681"}],"wp:attachment":[{"href":"https:\/\/www.zlaire.net\/events\/previous\/wp-json\/wp\/v2\/media?parent=5564"}],"curies":[{"name":"wp","href":"https:\/\/api.w.org\/{rel}","templated":true}]}}