{"id":5561,"date":"2019-08-04T11:38:56","date_gmt":"2019-08-04T03:38:56","guid":{"rendered":"https:\/\/www.zlaire.net\/events\/previous\/?page_id=5561"},"modified":"2020-05-20T08:56:32","modified_gmt":"2020-05-20T00:56:32","slug":"committees","status":"publish","type":"page","link":"https:\/\/www.zlaire.net\/events\/previous\/awpl2020\/committees\/","title":{"rendered":"Program Committee"},"content":{"rendered":"<p><a href=\"https:\/\/www.zlaire.net\/events\/previous\/awpl2020\/\"><span style=\"text-decoration: underline;\">Home<\/span><\/a>&nbsp; <span style=\"text-decoration: underline;\">I<a href=\"https:\/\/www.zlaire.net\/events\/previous\/awpl2020\/invited-speakers\/\">nvited Speakers<\/a><\/span>&nbsp; <span style=\"text-decoration: underline;\"><a href=\"https:\/\/www.zlaire.net\/events\/previous\/awpl2020\/committees\/\">Committees<\/a><\/span>&nbsp; <span style=\"text-decoration: underline;\"><a href=\"https:\/\/www.zlaire.net\/events\/previous\/awpl2020\/accepted-papers\/\">Accepted Papers<\/a><\/span>&nbsp; <span style=\"text-decoration: underline;\"><a href=\"https:\/\/www.zlaire.net\/events\/previous\/awpl2020\/registration\/\">Registration<\/a><\/span>&nbsp; <span style=\"text-decoration: underline;\"><a href=\"https:\/\/www.zlaire.net\/events\/previous\/awpl2020\/program\/\">Program<\/a><\/span>&nbsp; <span style=\"text-decoration: underline;\"><a href=\"https:\/\/www.zlaire.net\/events\/previous\/awpl2020\/location\/\">Location<\/a><\/span>&nbsp; <span style=\"text-decoration: underline;\"><a href=\"https:\/\/www.zlaire.net\/events\/previous\/awpl2020\/gallery\/\">Gallery<\/a><\/span>&nbsp; <span style=\"text-decoration: underline;\"><a href=\"https:\/\/www.zlaire.net\/events\/previous\/awpl2020\/colocated-events\/\">Colocated Events<\/a><\/span>&nbsp; <span style=\"text-decoration: underline;\"><a href=\"http:\/\/www.xixilogic.org\/zjulogai\">ZJULogAI Homepage<\/a><\/span><\/p>\n<h4>Chairs:<\/h4>\n<p><span style=\"text-decoration: underline; font-size: 12pt;\"><a href=\"https:\/\/person.zju.edu.cn\/en\/beishui\" target=\"_blank\" rel=\"noopener noreferrer\">Beishui Liao<\/a><\/span> (Zhejiang University, China)<br \/>\n<span style=\"text-decoration: underline; font-size: 12pt;\"><a href=\"http:\/\/www.xixilogic.org\/ynw\/\" target=\"_blank\" rel=\"noopener noreferrer\">Y\u00ec N. W\u00e1ng<\/a><\/span> (Zhejiang University, China)<\/p>\n<p>&nbsp;<\/p>\n<h4>PC Members:<\/h4>\n<p>Thomas \u00c5gotnes, University of Bergen, Norway<\/p>\n<p>Nick Bezhanishvili, University of Amsterdam, The Netherlands<\/p>\n<p>Marcos Cramer, TU Dresden, Germany<\/p>\n<p>Huimin Dong, Zhejiang University, China<\/p>\n<p>Sujata Ghosh, Indian Statistical Institute, India<\/p>\n<p>Meiyun Guo, South-West University, China<\/p>\n<p>Fengkui Ju, Beijing Normal University, China<\/p>\n<p>Hanti Lin, University of California Davis, US<\/p>\n<p>Fenrong Liu, Tsinghua University, China<\/p>\n<p>Hu Liu, Sun Yat-Sen University, China<\/p>\n<p>Xinwen Liu, Chinese Academy of Social Sciences, China<\/p>\n<p>Minghui Ma, Sun Yat-Sen University, China<\/p>\n<p>Zachiri Mckenzie, Zhejiang University, China<\/p>\n<p>Hiroakira Ono, JAIST, Japan<\/p>\n<p>Eric Pacuit, University of Maryland, US<\/p>\n<p>Xavier Parent, University of Luxembourg, Luxembourg<\/p>\n<p>R Ramanujam, Institute of Mathematical Sciences, India<\/p>\n<p>Olivier Roy, University of Bayreuth, Germany<\/p>\n<p>Ji Ruan, Auckland University of Technology, New Zealand<\/p>\n<p>Katsuhiko Sano, Hokkaido University, Japan<\/p>\n<p>Chenwei Shi, Tsinghua University, China<\/p>\n<p>Dag Westerst\u00e5hl, Stockholm University, Sweden<\/p>\n<p>Emil Weydert, University of Luxembourg, Luxembourg<\/p>\n<p>Junhua Yu, Tsinghua University, China<\/p>\n<p>Yan Zhang, Renmin University, China<\/p>\n<p>Shengyang Zhong, Peking University, China<\/p>\n","protected":false},"excerpt":{"rendered":"<p>Home&nbsp; Invited Speakers&nbsp; Committees&nbsp; Accepted Papers&nbsp; Registration&nbsp; Program&nbsp; Location&nbsp; Gallery&nbsp; Colocated Events&nbsp; ZJULogAI Homepage Chairs: Beishui Liao (Zhejiang University, China) Y\u00ec N. W\u00e1ng (Zhejiang University, China) &nbsp; PC Members: Thomas \u00c5gotnes, University of Bergen, Norway Nick Bezhanishvili, University of Amsterdam, <span class=\"excerpt-dots\">&hellip;<\/span> <a class=\"more-link\" href=\"https:\/\/www.zlaire.net\/events\/previous\/awpl2020\/committees\/\"><span class=\"more-msg\">Continue reading &rarr;<\/span><\/a><\/p>\n","protected":false},"author":1,"featured_media":5681,"parent":5534,"menu_order":0,"comment_status":"closed","ping_status":"closed","template":"","meta":{"ngg_post_thumbnail":0,"footnotes":""},"class_list":["post-5561","page","type-page","status-publish","has-post-thumbnail","hentry"],"_links":{"self":[{"href":"https:\/\/www.zlaire.net\/events\/previous\/wp-json\/wp\/v2\/pages\/5561","targetHints":{"allow":["GET"]}}],"collection":[{"href":"https:\/\/www.zlaire.net\/events\/previous\/wp-json\/wp\/v2\/pages"}],"about":[{"href":"https:\/\/www.zlaire.net\/events\/previous\/wp-json\/wp\/v2\/types\/page"}],"author":[{"embeddable":true,"href":"https:\/\/www.zlaire.net\/events\/previous\/wp-json\/wp\/v2\/users\/1"}],"replies":[{"embeddable":true,"href":"https:\/\/www.zlaire.net\/events\/previous\/wp-json\/wp\/v2\/comments?post=5561"}],"version-history":[{"count":10,"href":"https:\/\/www.zlaire.net\/events\/previous\/wp-json\/wp\/v2\/pages\/5561\/revisions"}],"predecessor-version":[{"id":6407,"href":"https:\/\/www.zlaire.net\/events\/previous\/wp-json\/wp\/v2\/pages\/5561\/revisions\/6407"}],"up":[{"embeddable":true,"href":"https:\/\/www.zlaire.net\/events\/previous\/wp-json\/wp\/v2\/pages\/5534"}],"wp:featuredmedia":[{"embeddable":true,"href":"https:\/\/www.zlaire.net\/events\/previous\/wp-json\/wp\/v2\/media\/5681"}],"wp:attachment":[{"href":"https:\/\/www.zlaire.net\/events\/previous\/wp-json\/wp\/v2\/media?parent=5561"}],"curies":[{"name":"wp","href":"https:\/\/api.w.org\/{rel}","templated":true}]}}